{"id":116,"date":"2023-11-04T13:46:54","date_gmt":"2023-11-04T16:46:54","guid":{"rendered":"https:\/\/imobninja2.jetninjapro.com\/?page_id=116"},"modified":"2026-03-10T15:10:47","modified_gmt":"2026-03-10T18:10:47","slug":"financiamento","status":"publish","type":"page","link":"https:\/\/imobiliaria.diamondpublioficial.com.br\/diamond\/financiamento\/","title":{"rendered":"Financiamento"},"content":{"rendered":"\t\t<div data-elementor-type=\"wp-page\" data-elementor-id=\"116\" class=\"elementor elementor-116\" data-elementor-post-type=\"page\">\n\t\t\t\t<div class=\"elementor-element elementor-element-3af4a554 e-flex e-con-boxed e-con e-parent\" data-id=\"3af4a554\" data-element_type=\"container\" data-e-type=\"container\">\n\t\t\t\t\t<div class=\"e-con-inner\">\n\t\t<div class=\"elementor-element elementor-element-3e93295f e-con-full e-flex e-con e-child\" data-id=\"3e93295f\" data-element_type=\"container\" data-e-type=\"container\">\n\t\t\t\t<div class=\"elementor-element elementor-element-297f39a1 elementor-widget elementor-widget-heading\" data-id=\"297f39a1\" data-element_type=\"widget\" data-e-type=\"widget\" data-widget_type=\"heading.default\">\n\t\t\t\t<div class=\"elementor-widget-container\">\n\t\t\t\t\t<h2 class=\"elementor-heading-title elementor-size-default\">Fa\u00e7a a simula\u00e7\u00e3o de como ficaria o seu financiamento imobili\u00e1rio online<\/h2>\t\t\t\t<\/div>\n\t\t\t\t<\/div>\n\t\t\t\t<div class=\"elementor-element elementor-element-29f4ff85 elementor-widget-divider--view-line elementor-widget elementor-widget-divider\" data-id=\"29f4ff85\" data-element_type=\"widget\" data-e-type=\"widget\" data-widget_type=\"divider.default\">\n\t\t\t\t<div class=\"elementor-widget-container\">\n\t\t\t\t\t\t\t<div class=\"elementor-divider\">\n\t\t\t<span class=\"elementor-divider-separator\">\n\t\t\t\t\t\t<\/span>\n\t\t<\/div>\n\t\t\t\t\t\t<\/div>\n\t\t\t\t<\/div>\n\t\t\t\t<div class=\"elementor-element elementor-element-2924fa00 elementor-widget elementor-widget-heading\" data-id=\"2924fa00\" data-element_type=\"widget\" data-e-type=\"widget\" data-widget_type=\"heading.default\">\n\t\t\t\t<div class=\"elementor-widget-container\">\n\t\t\t\t\t<p class=\"elementor-heading-title elementor-size-default\">Clicando no link abaixo e preenchendo o nosso formul\u00e1rio, um dos nossos especialistas entrar\u00e1 em contato para simular seu financiamento.\u200b<\/p>\t\t\t\t<\/div>\n\t\t\t\t<\/div>\n\t\t\t\t<div class=\"elementor-element elementor-element-2778b38d elementor-widget elementor-widget-button\" data-id=\"2778b38d\" data-element_type=\"widget\" data-e-type=\"widget\" data-widget_type=\"button.default\">\n\t\t\t\t<div class=\"elementor-widget-container\">\n\t\t\t\t\t\t\t\t\t<div class=\"elementor-button-wrapper\">\n\t\t\t\t\t<a class=\"elementor-button elementor-button-link elementor-size-sm\" href=\"https:\/\/propostadigital.diamondpublioficial.com.br\/propostafinanciamento\/\">\n\t\t\t\t\t\t<span class=\"elementor-button-content-wrapper\">\n\t\t\t\t\t\t\t\t\t<span class=\"elementor-button-text\">Ver detalhes<\/span>\n\t\t\t\t\t<\/span>\n\t\t\t\t\t<\/a>\n\t\t\t\t<\/div>\n\t\t\t\t\t\t\t\t<\/div>\n\t\t\t\t<\/div>\n\t\t\t\t<\/div>\n\t\t\t\t<div class=\"elementor-element elementor-element-f7fb86 elementor-widget__width-initial elementor-widget elementor-widget-image\" data-id=\"f7fb86\" data-element_type=\"widget\" data-e-type=\"widget\" data-widget_type=\"image.default\">\n\t\t\t\t<div class=\"elementor-widget-container\">\n\t\t\t\t\t\t\t\t\t\t\t\t\t\t\t<img fetchpriority=\"high\" decoding=\"async\" width=\"640\" height=\"700\" src=\"https:\/\/imobiliaria.diamondpublioficial.com.br\/diamond\/wp-content\/uploads\/2023\/11\/banner-2-celular-e-notas.webp\" class=\"attachment-large size-large wp-image-220\" alt=\"\" srcset=\"https:\/\/imobiliaria.diamondpublioficial.com.br\/diamond\/wp-content\/uploads\/2023\/11\/banner-2-celular-e-notas.webp 640w, https:\/\/imobiliaria.diamondpublioficial.com.br\/diamond\/wp-content\/uploads\/2023\/11\/banner-2-celular-e-notas-274x300.webp 274w\" sizes=\"(max-width: 640px) 100vw, 640px\" \/>\t\t\t\t\t\t\t\t\t\t\t\t\t\t\t<\/div>\n\t\t\t\t<\/div>\n\t\t\t\t\t<\/div>\n\t\t\t\t<\/div>\n\t\t\t\t<\/div>\n\t\t","protected":false},"excerpt":{"rendered":"<p>Fa\u00e7a a simula\u00e7\u00e3o de como ficaria o seu financiamento imobili\u00e1rio online Clicando no link abaixo e preenchendo o nosso formul\u00e1rio, um dos nossos especialistas entrar\u00e1 em contato para simular seu financiamento.\u200b Ver detalhes<\/p>\n","protected":false},"author":5,"featured_media":0,"parent":0,"menu_order":0,"comment_status":"closed","ping_status":"closed","template":"elementor_header_footer","meta":{"footnotes":""},"class_list":["post-116","page","type-page","status-publish","hentry"],"_links":{"self":[{"href":"https:\/\/imobiliaria.diamondpublioficial.com.br\/diamond\/wp-json\/wp\/v2\/pages\/116","targetHints":{"allow":["GET"]}}],"collection":[{"href":"https:\/\/imobiliaria.diamondpublioficial.com.br\/diamond\/wp-json\/wp\/v2\/pages"}],"about":[{"href":"https:\/\/imobiliaria.diamondpublioficial.com.br\/diamond\/wp-json\/wp\/v2\/types\/page"}],"author":[{"embeddable":true,"href":"https:\/\/imobiliaria.diamondpublioficial.com.br\/diamond\/wp-json\/wp\/v2\/users\/5"}],"replies":[{"embeddable":true,"href":"https:\/\/imobiliaria.diamondpublioficial.com.br\/diamond\/wp-json\/wp\/v2\/comments?post=116"}],"version-history":[{"count":3,"href":"https:\/\/imobiliaria.diamondpublioficial.com.br\/diamond\/wp-json\/wp\/v2\/pages\/116\/revisions"}],"predecessor-version":[{"id":1232,"href":"https:\/\/imobiliaria.diamondpublioficial.com.br\/diamond\/wp-json\/wp\/v2\/pages\/116\/revisions\/1232"}],"wp:attachment":[{"href":"https:\/\/imobiliaria.diamondpublioficial.com.br\/diamond\/wp-json\/wp\/v2\/media?parent=116"}],"curies":[{"name":"wp","href":"https:\/\/api.w.org\/{rel}","templated":true}]}}